{"id":13,"date":"2024-03-23T04:03:21","date_gmt":"2024-03-23T04:03:21","guid":{"rendered":"https:\/\/jrservicios.cl\/?page_id=13"},"modified":"2024-07-11T23:12:00","modified_gmt":"2024-07-11T23:12:00","slug":"contacto","status":"publish","type":"page","link":"https:\/\/jrservicios.cl\/index.php\/contacto\/","title":{"rendered":"CONTACTO"},"content":{"rendered":"\n<div class=\"wp-block-cover alignfull\" style=\"min-height:200px;aspect-ratio:unset;\"><span aria-hidden=\"true\" class=\"wp-block-cover__background has-neve-link-color-background-color has-background-dim-90 has-background-dim\"><\/span><img loading=\"lazy\" decoding=\"async\" width=\"600\" height=\"600\" class=\"wp-block-cover__image-background wp-image-60\" alt=\"\" src=\"https:\/\/jrservicios.cl\/wp-content\/uploads\/2020\/01\/neve-web-design-bg-15.jpg\" data-object-fit=\"cover\" srcset=\"https:\/\/jrservicios.cl\/wp-content\/uploads\/2020\/01\/neve-web-design-bg-15.jpg 600w, https:\/\/jrservicios.cl\/wp-content\/uploads\/2020\/01\/neve-web-design-bg-15-300x300.jpg 300w, https:\/\/jrservicios.cl\/wp-content\/uploads\/2020\/01\/neve-web-design-bg-15-150x150.jpg 150w\" sizes=\"auto, (max-width: 600px) 100vw, 600px\" \/><div class=\"wp-block-cover__inner-container is-layout-flow wp-block-cover-is-layout-flow\">\n<div style=\"height:120px\" aria-hidden=\"true\" class=\"wp-block-spacer\"><\/div>\n\n\n\n<h1 class=\"wp-block-heading has-text-align-center has-nv-text-dark-bg-color has-text-color\">CONTACTO<\/h1>\n\n\n\n<div style=\"height:120px\" aria-hidden=\"true\" class=\"wp-block-spacer\"><\/div>\n<\/div><\/div>\n\n\n\n<div style=\"height:80px\" aria-hidden=\"true\" class=\"wp-block-spacer\"><\/div>\n\n\n\n<div class=\"wp-block-columns are-vertically-aligned-top is-layout-flex wp-container-core-columns-is-layout-9d6595d7 wp-block-columns-is-layout-flex\">\n<div class=\"wp-block-column is-vertically-aligned-top is-layout-flow wp-block-column-is-layout-flow\"><div class=\"wp-block-image is-resized\">\n<figure class=\"aligncenter size-large\"><img decoding=\"async\" src=\"https:\/\/api.themeisle.com\/templates-data\/2021\/04\/ebf0233ced7259cf0838b7ba6d3aee073yy878tnhnplnwx1vzf6\/images\/phone.png\" alt=\"\" class=\"wp-image-610\"\/><\/figure>\n<\/div>\n\n\n<h3 class=\"wp-block-heading has-text-align-center has-neve-text-color-color has-text-color\">Tel\u00e9fono<\/h3>\n\n\n\n<p class=\"has-text-align-center has-neve-text-color-color has-text-color\">934490365<\/p>\n\n\n\n<div class=\"wp-block-buttons is-content-justification-center is-layout-flex wp-container-core-buttons-is-layout-16018d1d wp-block-buttons-is-layout-flex\"><\/div>\n<\/div>\n\n\n\n<div class=\"wp-block-column is-vertically-aligned-top is-layout-flow wp-block-column-is-layout-flow\"><div class=\"wp-block-image is-resized\">\n<figure class=\"aligncenter size-large\"><img decoding=\"async\" src=\"https:\/\/api.themeisle.com\/templates-data\/2021\/04\/ebf0233ced7259cf0838b7ba6d3aee073yy878tnhnplnwx1vzf6\/images\/email.png\" alt=\"\" class=\"wp-image-611\"\/><\/figure>\n<\/div>\n\n\n<h3 class=\"wp-block-heading has-text-align-center has-neve-text-color-color has-text-color\">Email<\/h3>\n\n\n\n<p class=\"has-text-align-center has-neve-text-color-color has-text-color\">contacto@jrservicios.cl<\/p>\n<\/div>\n\n\n\n<div class=\"wp-block-column is-vertically-aligned-top is-layout-flow wp-block-column-is-layout-flow\"><div class=\"wp-block-image is-resized\">\n<figure class=\"aligncenter size-large\"><img decoding=\"async\" src=\"https:\/\/api.themeisle.com\/templates-data\/2021\/04\/ebf0233ced7259cf0838b7ba6d3aee073yy878tnhnplnwx1vzf6\/images\/location.png\" alt=\"\" class=\"wp-image-609\"\/><\/figure>\n<\/div>\n\n\n<h3 class=\"wp-block-heading has-text-align-center has-neve-text-color-color has-text-color\">Direcci\u00f3n<\/h3>\n\n\n\n<p class=\"has-text-align-center\">Edificio flores de torres, Oficina 18, Germ\u00e1n Riesco 277, Rancagua.<\/p>\n\n\n\n<div class=\"wp-block-buttons is-content-justification-center is-layout-flex wp-container-core-buttons-is-layout-16018d1d wp-block-buttons-is-layout-flex\"><\/div>\n<\/div>\n<\/div>\n\n\n\n<div style=\"height:50px\" aria-hidden=\"true\" class=\"wp-block-spacer\"><\/div>\n\n\n\n<div class=\"wp-block-cover aligncenter is-light\" style=\"min-height:200px;aspect-ratio:unset;\"><span aria-hidden=\"true\" class=\"wp-block-cover__background has-nv-light-bg-background-color has-background-dim-100 has-background-dim\"><\/span><div class=\"wp-block-cover__inner-container is-layout-flow wp-block-cover-is-layout-flow\">\n<div class=\"wp-block-columns is-layout-flex wp-container-core-columns-is-layout-9d6595d7 wp-block-columns-is-layout-flex\">\n<div class=\"wp-block-column is-vertically-aligned-center is-layout-flow wp-block-column-is-layout-flow\"><div class=\"wp-block-image\">\n<figure class=\"aligncenter size-full is-resized\"><img loading=\"lazy\" decoding=\"async\" width=\"856\" height=\"735\" src=\"https:\/\/jrservicios.cl\/wp-content\/uploads\/2024\/03\/image-1.png\" alt=\"\" class=\"wp-image-476\" style=\"width:1089px;height:auto\" srcset=\"https:\/\/jrservicios.cl\/wp-content\/uploads\/2024\/03\/image-1.png 856w, https:\/\/jrservicios.cl\/wp-content\/uploads\/2024\/03\/image-1-300x258.png 300w, https:\/\/jrservicios.cl\/wp-content\/uploads\/2024\/03\/image-1-768x659.png 768w\" sizes=\"auto, (max-width: 856px) 100vw, 856px\" \/><\/figure>\n<\/div><\/div>\n<\/div>\n<\/div><\/div>\n\n\n\n<div class=\"wp-block-cover alignfull is-light\" style=\"min-height:200px;aspect-ratio:unset;\"><span aria-hidden=\"true\" class=\"wp-block-cover__background has-nv-dark-bg-background-color has-background-dim-100 has-background-dim\"><\/span><div class=\"wp-block-cover__inner-container is-layout-flow wp-block-cover-is-layout-flow\">\n<div style=\"height:80px\" aria-hidden=\"true\" class=\"wp-block-spacer\"><\/div>\n\n\n\n<h2 class=\"wp-block-heading has-text-align-center has-nv-text-dark-bg-color has-text-color\">Preguntas Frecuentes<\/h2>\n\n\n\n<div style=\"height:40px\" aria-hidden=\"true\" class=\"wp-block-spacer\"><\/div>\n\n\n\n<div class=\"wp-block-columns are-vertically-aligned-top is-layout-flex wp-container-core-columns-is-layout-9d6595d7 wp-block-columns-is-layout-flex\">\n<div class=\"wp-block-column is-vertically-aligned-top is-layout-flow wp-block-column-is-layout-flow\">\n<h3 class=\"wp-block-heading has-text-align-left has-nv-text-dark-bg-color has-text-color\">WHAT IS THE LEVEL REQUIRED?<\/h3>\n\n\n\n<p class=\"has-text-align-left has-nv-text-dark-bg-color has-text-color\"><\/p>\n\n\n\n<div style=\"height:40px\" aria-hidden=\"true\" class=\"wp-block-spacer\"><\/div>\n\n\n\n<h3 class=\"wp-block-heading has-text-align-left has-nv-text-dark-bg-color has-text-color\">WHAT IS THE LEVEL REQUIRED?<\/h3>\n\n\n\n<p class=\"has-text-align-left has-nv-text-dark-bg-color has-text-color\"><\/p>\n<\/div>\n\n\n\n<div class=\"wp-block-column is-vertically-aligned-top is-layout-flow wp-block-column-is-layout-flow\">\n<h3 class=\"wp-block-heading has-text-align-left has-nv-text-dark-bg-color has-text-color\">WHICH ARE THE FEATURES?<\/h3>\n\n\n\n<p class=\"has-text-align-left has-nv-text-dark-bg-color has-text-color\"><\/p>\n\n\n\n<div style=\"height:40px\" aria-hidden=\"true\" class=\"wp-block-spacer\"><\/div>\n\n\n\n<h3 class=\"wp-block-heading has-text-align-left has-nv-text-dark-bg-color has-text-color\">WHICH ARE THE FEATURES?<\/h3>\n\n\n\n<p class=\"has-text-align-left has-nv-text-dark-bg-color has-text-color\"><\/p>\n<\/div>\n<\/div>\n\n\n\n<div style=\"height:50px\" aria-hidden=\"true\" class=\"wp-block-spacer\"><\/div>\n<\/div><\/div>\n","protected":false},"excerpt":{"rendered":"<p>Tel\u00e9fono 934490365 Email contacto@jrservicios.cl Direcci\u00f3n Edificio flores de torres, Oficina 18, Germ\u00e1n Riesco 277, Rancagua.<\/p>\n","protected":false},"author":1,"featured_media":0,"parent":0,"menu_order":0,"comment_status":"closed","ping_status":"closed","template":"","meta":{"neve_meta_sidebar":"full-width","neve_meta_container":"contained","neve_meta_enable_content_width":"on","neve_meta_content_width":100,"neve_meta_title_alignment":"","neve_meta_author_avatar":"","neve_post_elements_order":"","neve_meta_disable_header":"","neve_meta_disable_footer":"","neve_meta_disable_title":"on","_themeisle_gutenberg_block_has_review":false,"_ti_tpc_template_sync":false,"_ti_tpc_template_id":"","footnotes":""},"class_list":["post-13","page","type-page","status-publish","hentry"],"_links":{"self":[{"href":"https:\/\/jrservicios.cl\/index.php\/wp-json\/wp\/v2\/pages\/13","targetHints":{"allow":["GET"]}}],"collection":[{"href":"https:\/\/jrservicios.cl\/index.php\/wp-json\/wp\/v2\/pages"}],"about":[{"href":"https:\/\/jrservicios.cl\/index.php\/wp-json\/wp\/v2\/types\/page"}],"author":[{"embeddable":true,"href":"https:\/\/jrservicios.cl\/index.php\/wp-json\/wp\/v2\/users\/1"}],"replies":[{"embeddable":true,"href":"https:\/\/jrservicios.cl\/index.php\/wp-json\/wp\/v2\/comments?post=13"}],"version-history":[{"count":5,"href":"https:\/\/jrservicios.cl\/index.php\/wp-json\/wp\/v2\/pages\/13\/revisions"}],"predecessor-version":[{"id":559,"href":"https:\/\/jrservicios.cl\/index.php\/wp-json\/wp\/v2\/pages\/13\/revisions\/559"}],"wp:attachment":[{"href":"https:\/\/jrservicios.cl\/index.php\/wp-json\/wp\/v2\/media?parent=13"}],"curies":[{"name":"wp","href":"https:\/\/api.w.org\/{rel}","templated":true}]}}