{"id":445,"date":"2024-03-25T02:59:38","date_gmt":"2024-03-25T02:59:38","guid":{"rendered":"https:\/\/jrservicios.cl\/?page_id=445"},"modified":"2024-07-11T23:18:22","modified_gmt":"2024-07-11T23:18:22","slug":"nuestro-equipo","status":"publish","type":"page","link":"https:\/\/jrservicios.cl\/index.php\/nuestro-equipo\/","title":{"rendered":"nuestro equipo"},"content":{"rendered":"\n<div class=\"wp-block-cover alignfull\" style=\"min-height:200px;aspect-ratio:unset;\"><span aria-hidden=\"true\" class=\"wp-block-cover__background has-neve-link-color-background-color has-background-dim\"><\/span><img loading=\"lazy\" decoding=\"async\" width=\"1920\" height=\"1080\" class=\"wp-block-cover__image-background wp-image-414\" alt=\"\" src=\"https:\/\/jrservicios.cl\/wp-content\/uploads\/2024\/03\/4.png\" data-object-fit=\"cover\" srcset=\"https:\/\/jrservicios.cl\/wp-content\/uploads\/2024\/03\/4.png 1920w, https:\/\/jrservicios.cl\/wp-content\/uploads\/2024\/03\/4-300x169.png 300w, https:\/\/jrservicios.cl\/wp-content\/uploads\/2024\/03\/4-1024x576.png 1024w, https:\/\/jrservicios.cl\/wp-content\/uploads\/2024\/03\/4-768x432.png 768w, https:\/\/jrservicios.cl\/wp-content\/uploads\/2024\/03\/4-1536x864.png 1536w\" sizes=\"auto, (max-width: 1920px) 100vw, 1920px\" \/><div class=\"wp-block-cover__inner-container is-layout-flow wp-block-cover-is-layout-flow\">\n<div style=\"height:80px\" aria-hidden=\"true\" class=\"wp-block-spacer\"><\/div>\n\n\n\n<h1 class=\"wp-block-heading has-text-align-center has-nv-text-dark-bg-color has-text-color\">nuestro equipo<\/h1>\n\n\n\n<div style=\"height:80px\" aria-hidden=\"true\" class=\"wp-block-spacer\"><\/div>\n<\/div><\/div>\n\n\n\n<div style=\"height:80px\" aria-hidden=\"true\" class=\"wp-block-spacer\"><\/div>\n\n\n\n<div class=\"wp-block-columns is-layout-flex wp-container-core-columns-is-layout-9d6595d7 wp-block-columns-is-layout-flex\">\n<div class=\"wp-block-column is-layout-flow wp-block-column-is-layout-flow\"><div class=\"wp-block-image is-resized\">\n<figure class=\"aligncenter\"><img decoding=\"async\" src=\"https:\/\/api.themeisle.com\/templates-data\/2020\/11\/ebf0233ced7259cf0838b7ba6d3aee07cvnphmuiq02wavhmmas3\/images\/otter-blocks-img-03.png\" alt=\"\"\/><\/figure>\n<\/div>\n\n\n<p class=\"has-text-align-center\"><strong>Juan Cesar Jorquera Reyes<\/strong><\/p>\n\n\n\n<p class=\"has-text-align-center\"><em>CONTADOR AUDITOR<\/em><\/p>\n<\/div>\n\n\n\n<div class=\"wp-block-column is-layout-flow wp-block-column-is-layout-flow\"><div class=\"wp-block-image is-resized\">\n<figure class=\"aligncenter\"><img decoding=\"async\" src=\"https:\/\/api.themeisle.com\/templates-data\/2020\/11\/ebf0233ced7259cf0838b7ba6d3aee07cvnphmuiq02wavhmmas3\/images\/otter-blocks-img-02.png\" alt=\"\"\/><\/figure>\n<\/div>\n\n\n<p class=\"has-text-align-center\"><strong>Marcia Alejandra Jorquera Reyes<\/strong><\/p>\n\n\n\n<p class=\"has-text-align-center\"><em>CONTADOR GENERAL<\/em><\/p>\n<\/div>\n<\/div>\n\n\n\n<div style=\"height:39px\" aria-hidden=\"true\" class=\"wp-block-spacer\"><\/div>\n\n\n\n<div class=\"wp-block-columns is-layout-flex wp-container-core-columns-is-layout-9d6595d7 wp-block-columns-is-layout-flex\">\n<div class=\"wp-block-column is-layout-flow wp-block-column-is-layout-flow\"><div class=\"wp-block-image is-resized\">\n<figure class=\"aligncenter\"><img decoding=\"async\" src=\"https:\/\/api.themeisle.com\/templates-data\/2020\/11\/ebf0233ced7259cf0838b7ba6d3aee07cvnphmuiq02wavhmmas3\/images\/otter-blocks-img-02.png\" alt=\"\"\/><\/figure>\n<\/div>\n\n\n<p class=\"has-text-align-center\"><strong>Cinthia Alejandra Chaparro P\u00e9rez<\/strong><\/p>\n\n\n\n<p class=\"has-text-align-center\"><em>CONTADOR AUDITOR<\/em><\/p>\n<\/div>\n\n\n\n<div class=\"wp-block-column is-layout-flow wp-block-column-is-layout-flow\"><div class=\"wp-block-image is-resized\">\n<figure class=\"aligncenter\"><img decoding=\"async\" src=\"https:\/\/api.themeisle.com\/templates-data\/2020\/11\/ebf0233ced7259cf0838b7ba6d3aee07cvnphmuiq02wavhmmas3\/images\/otter-blocks-img-02.png\" alt=\"\"\/><\/figure>\n<\/div>\n\n\n<p class=\"has-text-align-center\"><strong>Elizabeth Del Pilar<\/strong> <strong>\u00c1lvarez Pinilla<\/strong><\/p>\n\n\n\n<p class=\"has-text-align-center\"><em>INGENIERO ADMINISTRACI\u00d3N DE EMPRESAS<\/em><\/p>\n<\/div>\n<\/div>\n\n\n\n<div style=\"height:80px\" aria-hidden=\"true\" class=\"wp-block-spacer\"><\/div>\n\n\n\n<div class=\"wp-block-cover alignfull is-light\" style=\"min-height:600px;aspect-ratio:unset;\"><span aria-hidden=\"true\" class=\"wp-block-cover__background has-nv-dark-bg-background-color has-background-dim-100 has-background-dim\"><\/span><div class=\"wp-block-cover__inner-container is-layout-flow wp-block-cover-is-layout-flow\">\n<div style=\"height:80px\" aria-hidden=\"true\" class=\"wp-block-spacer\"><\/div>\n\n\n\n<h2 class=\"wp-block-heading has-text-align-center has-nv-text-dark-bg-color has-text-color\">NUESTRA \u00c1REA DE TRABAJO<\/h2>\n\n\n\n<div style=\"height:40px\" aria-hidden=\"true\" class=\"wp-block-spacer\"><\/div>\n\n\n\n<figure class=\"wp-block-gallery has-nested-images columns-default is-cropped wp-block-gallery-1 is-layout-flex wp-block-gallery-is-layout-flex\">\n<figure class=\"wp-block-image size-full\"><img loading=\"lazy\" decoding=\"async\" width=\"600\" height=\"600\" data-id=\"54\" src=\"https:\/\/jrservicios.cl\/wp-content\/uploads\/2020\/01\/neve-web-design-bg-09.jpg\" alt=\"\" class=\"wp-image-54\" srcset=\"https:\/\/jrservicios.cl\/wp-content\/uploads\/2020\/01\/neve-web-design-bg-09.jpg 600w, https:\/\/jrservicios.cl\/wp-content\/uploads\/2020\/01\/neve-web-design-bg-09-300x300.jpg 300w, https:\/\/jrservicios.cl\/wp-content\/uploads\/2020\/01\/neve-web-design-bg-09-150x150.jpg 150w\" sizes=\"auto, (max-width: 600px) 100vw, 600px\" \/><\/figure>\n\n\n\n<figure class=\"wp-block-image size-large\"><img loading=\"lazy\" decoding=\"async\" width=\"1024\" height=\"576\" data-id=\"394\" src=\"https:\/\/jrservicios.cl\/wp-content\/uploads\/2024\/03\/cobre-1024x576.png\" alt=\"\" class=\"wp-image-394\" srcset=\"https:\/\/jrservicios.cl\/wp-content\/uploads\/2024\/03\/cobre-1024x576.png 1024w, https:\/\/jrservicios.cl\/wp-content\/uploads\/2024\/03\/cobre-300x169.png 300w, https:\/\/jrservicios.cl\/wp-content\/uploads\/2024\/03\/cobre-768x432.png 768w, https:\/\/jrservicios.cl\/wp-content\/uploads\/2024\/03\/cobre-1536x864.png 1536w, https:\/\/jrservicios.cl\/wp-content\/uploads\/2024\/03\/cobre.png 1920w\" sizes=\"auto, (max-width: 1024px) 100vw, 1024px\" \/><\/figure>\n\n\n\n<figure class=\"wp-block-image size-full\"><img loading=\"lazy\" decoding=\"async\" width=\"600\" height=\"600\" data-id=\"56\" src=\"https:\/\/jrservicios.cl\/wp-content\/uploads\/2020\/01\/neve-web-design-bg-11.jpg\" alt=\"\" class=\"wp-image-56\" srcset=\"https:\/\/jrservicios.cl\/wp-content\/uploads\/2020\/01\/neve-web-design-bg-11.jpg 600w, https:\/\/jrservicios.cl\/wp-content\/uploads\/2020\/01\/neve-web-design-bg-11-300x300.jpg 300w, https:\/\/jrservicios.cl\/wp-content\/uploads\/2020\/01\/neve-web-design-bg-11-150x150.jpg 150w\" sizes=\"auto, (max-width: 600px) 100vw, 600px\" \/><\/figure>\n<\/figure>\n\n\n\n<div style=\"height:80px\" aria-hidden=\"true\" class=\"wp-block-spacer\"><\/div>\n<\/div><\/div>\n\n\n\n<h2 class=\"wp-block-heading has-text-align-center\"><\/h2>\n\n\n\n<div style=\"height:20px\" aria-hidden=\"true\" class=\"wp-block-spacer\"><\/div>\n","protected":false},"excerpt":{"rendered":"<p>Juan Cesar Jorquera Reyes CONTADOR AUDITOR Marcia Alejandra Jorquera Reyes CONTADOR GENERAL Cinthia Alejandra Chaparro P\u00e9rez CONTADOR AUDITOR Elizabeth Del Pilar \u00c1lvarez Pinilla INGENIERO ADMINISTRACI\u00d3N DE EMPRESAS<\/p>\n","protected":false},"author":1,"featured_media":0,"parent":0,"menu_order":0,"comment_status":"closed","ping_status":"closed","template":"","meta":{"neve_meta_sidebar":"full-width","neve_meta_container":"contained","neve_meta_enable_content_width":"on","neve_meta_content_width":100,"neve_meta_title_alignment":"","neve_meta_author_avatar":"","neve_post_elements_order":"","neve_meta_disable_header":"off","neve_meta_disable_footer":"","neve_meta_disable_title":"on","_themeisle_gutenberg_block_has_review":false,"_ti_tpc_template_sync":false,"_ti_tpc_template_id":"","footnotes":""},"class_list":["post-445","page","type-page","status-publish","hentry"],"_links":{"self":[{"href":"https:\/\/jrservicios.cl\/index.php\/wp-json\/wp\/v2\/pages\/445","targetHints":{"allow":["GET"]}}],"collection":[{"href":"https:\/\/jrservicios.cl\/index.php\/wp-json\/wp\/v2\/pages"}],"about":[{"href":"https:\/\/jrservicios.cl\/index.php\/wp-json\/wp\/v2\/types\/page"}],"author":[{"embeddable":true,"href":"https:\/\/jrservicios.cl\/index.php\/wp-json\/wp\/v2\/users\/1"}],"replies":[{"embeddable":true,"href":"https:\/\/jrservicios.cl\/index.php\/wp-json\/wp\/v2\/comments?post=445"}],"version-history":[{"count":3,"href":"https:\/\/jrservicios.cl\/index.php\/wp-json\/wp\/v2\/pages\/445\/revisions"}],"predecessor-version":[{"id":562,"href":"https:\/\/jrservicios.cl\/index.php\/wp-json\/wp\/v2\/pages\/445\/revisions\/562"}],"wp:attachment":[{"href":"https:\/\/jrservicios.cl\/index.php\/wp-json\/wp\/v2\/media?parent=445"}],"curies":[{"name":"wp","href":"https:\/\/api.w.org\/{rel}","templated":true}]}}